{"id":12889,"date":"2023-05-31T15:12:43","date_gmt":"2023-05-31T18:12:43","guid":{"rendered":"http:\/\/zvox.com.br\/site\/?page_id=12889"},"modified":"2023-05-31T15:14:24","modified_gmt":"2023-05-31T18:14:24","slug":"zvox-chat","status":"publish","type":"page","link":"http:\/\/zvox.com.br\/site\/zvox-chat\/","title":{"rendered":"ZVOX CHAT"},"content":{"rendered":"<p><strong>Canais disponibilizados<\/strong><\/p>\n<div id='gallery-1' class='gallery galleryid-12889 gallery-columns-5 gallery-size-thumbnail'><figure class='gallery-item'>\n\t\t\t<div class='gallery-icon landscape'>\n\t\t\t\t<img decoding=\"async\" width=\"66\" height=\"66\" data-src=\"http:\/\/zvox.com.br\/site\/wp-content\/uploads\/2023\/05\/icone_whats.jpg\" class=\"attachment-thumbnail size-thumbnail lazyload\" alt=\"\" aria-describedby=\"gallery-1-12829\" data-srcset=\"http:\/\/zvox.com.br\/site\/wp-content\/uploads\/2023\/05\/icone_whats.jpg 66w, http:\/\/zvox.com.br\/site\/wp-content\/uploads\/2023\/05\/elementor\/thumbs\/icone_whats-q7a78779twp7u7i4qetax6icav73fpij0q9cbri8xw.jpg 58w\" data-sizes=\"(max-width: 66px) 100vw, 66px\" src=\"data:image\/svg+xml;base64,PHN2ZyB3aWR0aD0iMSIgaGVpZ2h0PSIxIiB4bWxucz0iaHR0cDovL3d3dy53My5vcmcvMjAwMC9zdmciPjwvc3ZnPg==\" style=\"--smush-placeholder-width: 66px; --smush-placeholder-aspect-ratio: 66\/66;\" \/>\n\t\t\t<\/div>\n\t\t\t\t<figcaption class='wp-caption-text gallery-caption' id='gallery-1-12829'>\n\t\t\t\tWhatsApp\n\t\t\t\t<\/figcaption><\/figure><figure class='gallery-item'>\n\t\t\t<div class='gallery-icon landscape'>\n\t\t\t\t<img decoding=\"async\" width=\"66\" height=\"66\" data-src=\"http:\/\/zvox.com.br\/site\/wp-content\/uploads\/2023\/05\/icone_messenger.jpg\" class=\"attachment-thumbnail size-thumbnail lazyload\" alt=\"\" aria-describedby=\"gallery-1-12828\" src=\"data:image\/svg+xml;base64,PHN2ZyB3aWR0aD0iMSIgaGVpZ2h0PSIxIiB4bWxucz0iaHR0cDovL3d3dy53My5vcmcvMjAwMC9zdmciPjwvc3ZnPg==\" style=\"--smush-placeholder-width: 66px; --smush-placeholder-aspect-ratio: 66\/66;\" \/>\n\t\t\t<\/div>\n\t\t\t\t<figcaption class='wp-caption-text gallery-caption' id='gallery-1-12828'>\n\t\t\t\tMessenger\n\t\t\t\t<\/figcaption><\/figure><figure class='gallery-item'>\n\t\t\t<div class='gallery-icon landscape'>\n\t\t\t\t<img decoding=\"async\" width=\"66\" height=\"66\" data-src=\"http:\/\/zvox.com.br\/site\/wp-content\/uploads\/2023\/05\/icone_direct.jpg\" class=\"attachment-thumbnail size-thumbnail lazyload\" alt=\"\" aria-describedby=\"gallery-1-12827\" src=\"data:image\/svg+xml;base64,PHN2ZyB3aWR0aD0iMSIgaGVpZ2h0PSIxIiB4bWxucz0iaHR0cDovL3d3dy53My5vcmcvMjAwMC9zdmciPjwvc3ZnPg==\" style=\"--smush-placeholder-width: 66px; --smush-placeholder-aspect-ratio: 66\/66;\" \/>\n\t\t\t<\/div>\n\t\t\t\t<figcaption class='wp-caption-text gallery-caption' id='gallery-1-12827'>\n\t\t\t\tDirect\n\t\t\t\t<\/figcaption><\/figure><figure class='gallery-item'>\n\t\t\t<div class='gallery-icon landscape'>\n\t\t\t\t<img decoding=\"async\" width=\"66\" height=\"66\" data-src=\"http:\/\/zvox.com.br\/site\/wp-content\/uploads\/2023\/05\/icone_telegram.jpg\" class=\"attachment-thumbnail size-thumbnail lazyload\" alt=\"\" aria-describedby=\"gallery-1-12826\" src=\"data:image\/svg+xml;base64,PHN2ZyB3aWR0aD0iMSIgaGVpZ2h0PSIxIiB4bWxucz0iaHR0cDovL3d3dy53My5vcmcvMjAwMC9zdmciPjwvc3ZnPg==\" style=\"--smush-placeholder-width: 66px; --smush-placeholder-aspect-ratio: 66\/66;\" \/>\n\t\t\t<\/div>\n\t\t\t\t<figcaption class='wp-caption-text gallery-caption' id='gallery-1-12826'>\n\t\t\t\tTelegram\n\t\t\t\t<\/figcaption><\/figure><figure class='gallery-item'>\n\t\t\t<div class='gallery-icon landscape'>\n\t\t\t\t<img decoding=\"async\" width=\"66\" height=\"66\" data-src=\"http:\/\/zvox.com.br\/site\/wp-content\/uploads\/2023\/05\/icone_web_CHAT.jpg\" class=\"attachment-thumbnail size-thumbnail lazyload\" alt=\"\" aria-describedby=\"gallery-1-12825\" src=\"data:image\/svg+xml;base64,PHN2ZyB3aWR0aD0iMSIgaGVpZ2h0PSIxIiB4bWxucz0iaHR0cDovL3d3dy53My5vcmcvMjAwMC9zdmciPjwvc3ZnPg==\" style=\"--smush-placeholder-width: 66px; --smush-placeholder-aspect-ratio: 66\/66;\" \/>\n\t\t\t<\/div>\n\t\t\t\t<figcaption class='wp-caption-text gallery-caption' id='gallery-1-12825'>\n\t\t\t\tWeb Chat\n\t\t\t\t<\/figcaption><\/figure>\n\t\t<\/div>\n\n<p><strong>Funcionalidades<\/strong><\/p>\n<p>\u2022 Gest\u00e3o de Contatos<br \/>\n\u2022 Blacklist de contatos<br \/>\n\u2022 Gest\u00e3o de departamentos<br \/>\n\u2022 Integra\u00e7\u00e3o<br \/>\n\u2022 Whatsapp API<br \/>\n\u2022 Whatsapp Business<br \/>\n\u2022 Telegram<br \/>\n\u2022 Instagram<br \/>\n\u2022 Messenger<br \/>\n\u2022 Webchat popup<br \/>\n\u2022 Webchat desktop e mobile<br \/>\n\u2022 Canais ilimitados<\/p>\n<p><strong>Facilidades<\/strong><\/p>\n<p>\u2022 Chat interno<br \/>\n\u2022 Envio de mensagens autom\u00e1ticas<br \/>\n\u2022 Mensagem modelos<br \/>\n\u2022 Transfer\u00eancia de atendimento<br \/>\n\u2022 Atendimento\/Conversa em grupos<br \/>\n\u2022 Transcri\u00e7\u00e3o de \u00e1udio para texto<br \/>\n\u2022 Impress\u00e3o das conversas individuais<br \/>\n\u2022 Transfer\u00eancia inteligente de atendimentos<br \/>\n\u2022 Envio de mensagens multim\u00eddias<br \/>\n\u2022 Hist\u00f3rico de atendimentos<br \/>\n\u2022 Controle de feriados<br \/>\n\u2022 Reconhecimento de fala e texto aproximado<br \/>\n\u2022 Execu\u00e7\u00e3o de m\u00faltiplas a\u00e7\u00f5es em sequ\u00eancia<br \/>\n\u2022 Gest\u00e3o completo e ilimitado de automa\u00e7\u00f5es<br \/>\n\u2022 Exporta\u00e7\u00e3o de automa\u00e7\u00f5es<br \/>\n\u2022 Pesquisa de satisfa\u00e7\u00e3o<br \/>\n\u2022 APIs para envio de mensagens\/notifica\u00e7\u00f5es<br \/>\n\u2022 Acesso \u00e0 webhook<br \/>\n\u2022 Exporta\u00e7\u00e3o em CSV<br \/>\n\u2022 Gest\u00e3o de Hor\u00e1rios\u00a0de\u00a0atendimento<\/p>\n","protected":false},"excerpt":{"rendered":"<p>Canais disponibilizados Funcionalidades \u2022 Gest\u00e3o de Contatos \u2022 Blacklist de contatos \u2022 Gest\u00e3o de departamentos \u2022 Integra\u00e7\u00e3o \u2022 Whatsapp API \u2022 Whatsapp Business \u2022 Telegram \u2022 Instagram \u2022 Messenger \u2022 Webchat popup \u2022 Webchat desktop e mobile \u2022 Canais ilimitados Facilidades \u2022 Chat interno \u2022 Envio de mensagens autom\u00e1ticas \u2022 Mensagem modelos \u2022 Transfer\u00eancia de [&hellip;]<\/p>\n","protected":false},"author":2,"featured_media":0,"parent":0,"menu_order":0,"comment_status":"closed","ping_status":"closed","template":"","meta":{"iawp_total_views":1,"footnotes":""},"class_list":["post-12889","page","type-page","status-publish","hentry"],"_links":{"self":[{"href":"http:\/\/zvox.com.br\/site\/wp-json\/wp\/v2\/pages\/12889","targetHints":{"allow":["GET"]}}],"collection":[{"href":"http:\/\/zvox.com.br\/site\/wp-json\/wp\/v2\/pages"}],"about":[{"href":"http:\/\/zvox.com.br\/site\/wp-json\/wp\/v2\/types\/page"}],"author":[{"embeddable":true,"href":"http:\/\/zvox.com.br\/site\/wp-json\/wp\/v2\/users\/2"}],"replies":[{"embeddable":true,"href":"http:\/\/zvox.com.br\/site\/wp-json\/wp\/v2\/comments?post=12889"}],"version-history":[{"count":0,"href":"http:\/\/zvox.com.br\/site\/wp-json\/wp\/v2\/pages\/12889\/revisions"}],"wp:attachment":[{"href":"http:\/\/zvox.com.br\/site\/wp-json\/wp\/v2\/media?parent=12889"}],"curies":[{"name":"wp","href":"https:\/\/api.w.org\/{rel}","templated":true}]}}