{"id":12894,"date":"2023-05-31T15:14:54","date_gmt":"2023-05-31T18:14:54","guid":{"rendered":"http:\/\/zvox.com.br\/site\/?page_id=12894"},"modified":"2023-05-31T15:15:03","modified_gmt":"2023-05-31T18:15:03","slug":"solucao-de-comunicacao","status":"publish","type":"page","link":"http:\/\/zvox.com.br\/site\/solucao-de-comunicacao\/","title":{"rendered":"Solu\u00e7\u00e3o de Comunica\u00e7\u00e3o"},"content":{"rendered":"<p><strong>Unificada 3CX<\/strong><\/p>\n<p>O 3CX PABX \u00e9 um software de telefonia baseado em IP que oferece uma solu\u00e7\u00e3o completa de comunica\u00e7\u00f5es unificadas para empresas. Ele funciona como um sistema de telefonia avan\u00e7ado, que permite a gest\u00e3o de chamadas de voz, v\u00eddeo e mensagens instant\u00e2neas, com recursos como URA, grava\u00e7\u00e3o de chamadas, filas de espera, videoconfer\u00eancia e colabora\u00e7\u00e3o em equipe.<\/p>\n<p>O 3CX PABX \u00e9 uma solu\u00e7\u00e3o escal\u00e1vel, que pode ser implantada em nuvem ou localmente, dependendo das necessidades da empresa. Ele \u00e9 compat\u00edvel com diversos dispositivos e plataformas, como smartphones, tablets e computadores, e oferece integra\u00e7\u00e3o com sistemas CRM e de atendimento ao cliente.<\/p>\n<p>O 3CX PABX \u00e9 uma solu\u00e7\u00e3o moderna e eficiente, que ajuda a melhorar a comunica\u00e7\u00e3o e a produtividade das empresas.<\/p>\n","protected":false},"excerpt":{"rendered":"<p>Unificada 3CX O 3CX PABX \u00e9 um software de telefonia baseado em IP que oferece uma solu\u00e7\u00e3o completa de comunica\u00e7\u00f5es unificadas para empresas. Ele funciona como um sistema de telefonia avan\u00e7ado, que permite a gest\u00e3o de chamadas de voz, v\u00eddeo e mensagens instant\u00e2neas, com recursos como URA, grava\u00e7\u00e3o de chamadas, filas de espera, videoconfer\u00eancia e [&hellip;]<\/p>\n","protected":false},"author":2,"featured_media":0,"parent":0,"menu_order":0,"comment_status":"closed","ping_status":"closed","template":"","meta":{"iawp_total_views":0,"footnotes":""},"class_list":["post-12894","page","type-page","status-publish","hentry"],"_links":{"self":[{"href":"http:\/\/zvox.com.br\/site\/wp-json\/wp\/v2\/pages\/12894","targetHints":{"allow":["GET"]}}],"collection":[{"href":"http:\/\/zvox.com.br\/site\/wp-json\/wp\/v2\/pages"}],"about":[{"href":"http:\/\/zvox.com.br\/site\/wp-json\/wp\/v2\/types\/page"}],"author":[{"embeddable":true,"href":"http:\/\/zvox.com.br\/site\/wp-json\/wp\/v2\/users\/2"}],"replies":[{"embeddable":true,"href":"http:\/\/zvox.com.br\/site\/wp-json\/wp\/v2\/comments?post=12894"}],"version-history":[{"count":0,"href":"http:\/\/zvox.com.br\/site\/wp-json\/wp\/v2\/pages\/12894\/revisions"}],"wp:attachment":[{"href":"http:\/\/zvox.com.br\/site\/wp-json\/wp\/v2\/media?parent=12894"}],"curies":[{"name":"wp","href":"https:\/\/api.w.org\/{rel}","templated":true}]}}