{"id":12882,"date":"2023-05-31T15:07:18","date_gmt":"2023-05-31T18:07:18","guid":{"rendered":"http:\/\/zvox.com.br\/site\/?page_id=12882"},"modified":"2023-05-31T15:07:18","modified_gmt":"2023-05-31T18:07:18","slug":"consultoria-de-ti","status":"publish","type":"page","link":"https:\/\/zvox.com.br\/site\/consultoria-de-ti\/","title":{"rendered":"Consultoria de TI"},"content":{"rendered":"<p>A Zvox oferece orienta\u00e7\u00e3o especializada para empresas e organiza\u00e7\u00f5es em rela\u00e7\u00e3o a tecnologia da informa\u00e7\u00e3o, nossos especialistas em T.I oferecem an\u00e1lises, diagn\u00f3sticos e recomenda\u00e7\u00f5es para ajudar a melhorar o desempenho e efici\u00eancia dos sistemas, al\u00e9m de ajudar a identificar oportunidades para reduzir custos e aumentar a seguran\u00e7a.<\/p>\n","protected":false},"excerpt":{"rendered":"<p>A Zvox oferece orienta\u00e7\u00e3o especializada para empresas e organiza\u00e7\u00f5es em rela\u00e7\u00e3o a tecnologia da informa\u00e7\u00e3o, nossos especialistas em T.I oferecem an\u00e1lises, diagn\u00f3sticos e recomenda\u00e7\u00f5es para ajudar a melhorar o desempenho e efici\u00eancia dos sistemas, al\u00e9m de ajudar a identificar oportunidades para reduzir custos e aumentar a seguran\u00e7a.<\/p>\n","protected":false},"author":2,"featured_media":0,"parent":0,"menu_order":0,"comment_status":"closed","ping_status":"closed","template":"","meta":{"iawp_total_views":1,"footnotes":""},"class_list":["post-12882","page","type-page","status-publish","hentry"],"_links":{"self":[{"href":"https:\/\/zvox.com.br\/site\/wp-json\/wp\/v2\/pages\/12882","targetHints":{"allow":["GET"]}}],"collection":[{"href":"https:\/\/zvox.com.br\/site\/wp-json\/wp\/v2\/pages"}],"about":[{"href":"https:\/\/zvox.com.br\/site\/wp-json\/wp\/v2\/types\/page"}],"author":[{"embeddable":true,"href":"https:\/\/zvox.com.br\/site\/wp-json\/wp\/v2\/users\/2"}],"replies":[{"embeddable":true,"href":"https:\/\/zvox.com.br\/site\/wp-json\/wp\/v2\/comments?post=12882"}],"version-history":[{"count":0,"href":"https:\/\/zvox.com.br\/site\/wp-json\/wp\/v2\/pages\/12882\/revisions"}],"wp:attachment":[{"href":"https:\/\/zvox.com.br\/site\/wp-json\/wp\/v2\/media?parent=12882"}],"curies":[{"name":"wp","href":"https:\/\/api.w.org\/{rel}","templated":true}]}}