{"id":12884,"date":"2023-05-31T15:08:29","date_gmt":"2023-05-31T18:08:29","guid":{"rendered":"http:\/\/zvox.com.br\/site\/?page_id=12884"},"modified":"2023-05-31T15:08:29","modified_gmt":"2023-05-31T18:08:29","slug":"data-center-na-nuvem","status":"publish","type":"page","link":"https:\/\/zvox.com.br\/site\/data-center-na-nuvem\/","title":{"rendered":"Data Center na Nuvem"},"content":{"rendered":"<p>Usar um Data Center em nuvem oferece v\u00e1rias vantagens para empresas, incluindo a escalabilidade, flexibilidade e efici\u00eancia. Com um Data Center em nuvem, as empresas podem facilmente aumentar ou diminuir a capacidade de armazenamento e processamento de acordo com suas necessidades, sem ter que investir em infraestrutura adiciona. Por fim, o Data Center em nuvem tamb\u00e9m oferece facilidade de gerenciamento e atualiza\u00e7\u00e3o de sistemas e aplicativos, permitindo que as empresas se concentrem em suas atividades principais e melhorem os seus resultados.<\/p>\n<p><strong>Armazenamento Inteligente<\/strong><\/p>\n<p>O Armazenamento Inteligente \u00e9 uma tecnologia de gerenciamento de dados que utiliza algoritmos de intelig\u00eancia artificial e aprendizado de m\u00e1quina para otimizar a aloca\u00e7\u00e3o de dados em diferentes tipos de armazenamento, como discos r\u00edgidos, armazenamento em nuvem e unidades de estado s\u00f3lido. Essa tecnologia permite que os dados sejam armazenados de forma mais eficiente e segura, maximizando a utiliza\u00e7\u00e3o do espa\u00e7o de armazenamento dispon\u00edvel.<\/p>\n<p><strong>Backup e Recupera\u00e7\u00e3o<\/strong><\/p>\n<p>Nossa ferramenta de backup e recupera\u00e7\u00e3o de dados automatizados, garante a prote\u00e7\u00e3o dos dados em caso de falhas ou perda de informa\u00e7\u00f5es. Com isso, as empresas podem economizar tempo e recursos, al\u00e9m de garantir a integridade dos seus dados.<\/p>\n<p><strong>Cloud Computing on Demand<\/strong><\/p>\n<p>O cloud compuiting on demand, permite que empresas possam acessar recursos de computa\u00e7\u00e3o e armazenamento de dados conforme sua necessidade, pagando somente pelo que utilizam. Isso significa que as empresas podem escalar seus recursos de acordo com as demandas sazonais dos neg\u00f3cios, sem ter que investir em infraestrutura adicional.<\/p>\n","protected":false},"excerpt":{"rendered":"<p>Usar um Data Center em nuvem oferece v\u00e1rias vantagens para empresas, incluindo a escalabilidade, flexibilidade e efici\u00eancia. Com um Data Center em nuvem, as empresas podem facilmente aumentar ou diminuir a capacidade de armazenamento e processamento de acordo com suas necessidades, sem ter que investir em infraestrutura adiciona. Por fim, o Data Center em nuvem [&hellip;]<\/p>\n","protected":false},"author":2,"featured_media":0,"parent":0,"menu_order":0,"comment_status":"closed","ping_status":"closed","template":"","meta":{"iawp_total_views":1,"footnotes":""},"class_list":["post-12884","page","type-page","status-publish","hentry"],"_links":{"self":[{"href":"https:\/\/zvox.com.br\/site\/wp-json\/wp\/v2\/pages\/12884","targetHints":{"allow":["GET"]}}],"collection":[{"href":"https:\/\/zvox.com.br\/site\/wp-json\/wp\/v2\/pages"}],"about":[{"href":"https:\/\/zvox.com.br\/site\/wp-json\/wp\/v2\/types\/page"}],"author":[{"embeddable":true,"href":"https:\/\/zvox.com.br\/site\/wp-json\/wp\/v2\/users\/2"}],"replies":[{"embeddable":true,"href":"https:\/\/zvox.com.br\/site\/wp-json\/wp\/v2\/comments?post=12884"}],"version-history":[{"count":0,"href":"https:\/\/zvox.com.br\/site\/wp-json\/wp\/v2\/pages\/12884\/revisions"}],"wp:attachment":[{"href":"https:\/\/zvox.com.br\/site\/wp-json\/wp\/v2\/media?parent=12884"}],"curies":[{"name":"wp","href":"https:\/\/api.w.org\/{rel}","templated":true}]}}