{"id":12892,"date":"2023-05-31T15:14:02","date_gmt":"2023-05-31T18:14:02","guid":{"rendered":"http:\/\/zvox.com.br\/site\/?page_id=12892"},"modified":"2023-05-31T15:14:02","modified_gmt":"2023-05-31T18:14:02","slug":"pabx-na-nuvem","status":"publish","type":"page","link":"https:\/\/zvox.com.br\/site\/pabx-na-nuvem\/","title":{"rendered":"PABX na Nuvem"},"content":{"rendered":"<p><strong>Vantagens<\/strong><\/p>\n<p>Uma das principais vantagens de um PABX em nuvem \u00e9 a flexibilidade que oferece \u00e0s empresas. Com essa solu\u00e7\u00e3o, as empresas podem facilmente escalar sua capacidade de atendimento, adicionando ou removendo linhas conforme a demanda, o que permite uma melhor adapta\u00e7\u00e3o aos picos de fluxo de chamadas.<\/p>\n<p><strong>Funcionalidades<\/strong><\/p>\n<p>\u2022\u00a0Atendimento personalizado<br \/>\n\u2022\u00a0URA<br \/>\n\u2022\u00a0Grava\u00e7\u00e3o de chamadas<br \/>\n\u2022\u00a0Filas de espera<br \/>\n\u2022\u00a0Relat\u00f3rios de gerenciais<br \/>\n\u2022\u00a0Relat\u00f3rios de performances Call Center (Filas e agentes)<br \/>\n\u2022 Integra\u00e7\u00e3o com sistemas terceiros via API<\/p>\n<p>Funcionalidades que ajudam a melhorar a experi\u00eancia do cliente e aumentar a efici\u00eancia do atendimento.<\/p>\n","protected":false},"excerpt":{"rendered":"<p>Vantagens Uma das principais vantagens de um PABX em nuvem \u00e9 a flexibilidade que oferece \u00e0s empresas. Com essa solu\u00e7\u00e3o, as empresas podem facilmente escalar sua capacidade de atendimento, adicionando ou removendo linhas conforme a demanda, o que permite uma melhor adapta\u00e7\u00e3o aos picos de fluxo de chamadas. Funcionalidades \u2022\u00a0Atendimento personalizado \u2022\u00a0URA \u2022\u00a0Grava\u00e7\u00e3o de chamadas [&hellip;]<\/p>\n","protected":false},"author":2,"featured_media":0,"parent":0,"menu_order":0,"comment_status":"closed","ping_status":"closed","template":"","meta":{"iawp_total_views":2,"footnotes":""},"class_list":["post-12892","page","type-page","status-publish","hentry"],"_links":{"self":[{"href":"https:\/\/zvox.com.br\/site\/wp-json\/wp\/v2\/pages\/12892","targetHints":{"allow":["GET"]}}],"collection":[{"href":"https:\/\/zvox.com.br\/site\/wp-json\/wp\/v2\/pages"}],"about":[{"href":"https:\/\/zvox.com.br\/site\/wp-json\/wp\/v2\/types\/page"}],"author":[{"embeddable":true,"href":"https:\/\/zvox.com.br\/site\/wp-json\/wp\/v2\/users\/2"}],"replies":[{"embeddable":true,"href":"https:\/\/zvox.com.br\/site\/wp-json\/wp\/v2\/comments?post=12892"}],"version-history":[{"count":0,"href":"https:\/\/zvox.com.br\/site\/wp-json\/wp\/v2\/pages\/12892\/revisions"}],"wp:attachment":[{"href":"https:\/\/zvox.com.br\/site\/wp-json\/wp\/v2\/media?parent=12892"}],"curies":[{"name":"wp","href":"https:\/\/api.w.org\/{rel}","templated":true}]}}