{"id":12896,"date":"2023-05-31T15:16:49","date_gmt":"2023-05-31T18:16:49","guid":{"rendered":"http:\/\/zvox.com.br\/site\/?page_id=12896"},"modified":"2023-05-31T15:16:49","modified_gmt":"2023-05-31T18:16:49","slug":"operadora","status":"publish","type":"page","link":"https:\/\/zvox.com.br\/site\/operadora\/","title":{"rendered":"Operadora"},"content":{"rendered":"<p><strong>Conectado as principais operadoras do Brasil<\/strong><br \/>\nMaior alcance, Melhor qualidade de conex\u00e3o, tarifas competitivas e Suporte t\u00e9cnico especializado.<\/p>\n<p><strong>Portabilidade de n\u00fameros Nacionais e Internacionais!<\/strong><br \/>\nMigre a sua estrutura para nuvem sem precisar trocar o seu n\u00famero de telefone, e reinvestir em papelaria e atualiza\u00e7\u00e3o de materiais!<\/p>\n<p><strong>Planos CONTROLE e SMART, nossos planos se adaptam as suas necessidades!\u00a0<\/strong><br \/>\nPlanos com Valor Fixo, ou com franquia, dependendo da sua necessidade<\/p>\n<p><strong>Tecnologia que permite instala\u00e7\u00e3o em Nuvem, ou em In Loco!<\/strong><br \/>\nSolu\u00e7\u00f5es inteligente que se adaptam ao seu neg\u00f3cio<\/p>\n<p><strong><br \/>\nCobertura em 81 pa\u00edses e mais de 4600 cidades<\/strong><\/p>\n<p>A Zvox Tecnologia atende 81 pa\u00edses e mais de 4600 cidades, oferecendo uma ampla cobertura global para seus clientes. Com uma presen\u00e7a t\u00e3o abrangente, \u00e9 capaz de oferecer servi\u00e7os de comunica\u00e7\u00e3o de alta qualidade em todo o mundo, permitindo que seus usu\u00e1rios permane\u00e7am conectados em qualquer lugar. Seu alcance global torna-a uma op\u00e7\u00e3o atraente para empresas que necessitam estar sempre conectadas independentemente de onde estiverem.<\/p>\n<p><strong>0800<\/strong><\/p>\n<p>O servi\u00e7o de 0800 permite que os clientes liguem gratuitamente para a empresa, independentemente de onde estejam. Isso significa que a empresa pode atender a uma ampla gama de clientes sem que eles tenham que pagar por uma chamada telef\u00f4nica. Esse servi\u00e7o \u00e9 importante para empresas que precisam lidar com um grande volume de chamadas de clientes, como centrais de atendimento, suporte t\u00e9cnico e vendas.<\/p>\n<p><strong>N\u00famero \u00danico Nacional<\/strong><\/p>\n<p>O n\u00famero \u00fanico nacional, permite que a empresa tenha um n\u00famero de telefone f\u00e1cil de lembrar e que possa ser usado regi\u00f5es metropolitanas de todo o pa\u00eds. Com um \u00fanico n\u00famero nacional, a empresa pode unificar sua presen\u00e7a telef\u00f4nica em todas as regi\u00f5es do pa\u00eds, o que facilita o contato dos clientes.<\/p>\n","protected":false},"excerpt":{"rendered":"<p>Conectado as principais operadoras do Brasil Maior alcance, Melhor qualidade de conex\u00e3o, tarifas competitivas e Suporte t\u00e9cnico especializado. Portabilidade de n\u00fameros Nacionais e Internacionais! Migre a sua estrutura para nuvem sem precisar trocar o seu n\u00famero de telefone, e reinvestir em papelaria e atualiza\u00e7\u00e3o de materiais! Planos CONTROLE e SMART, nossos planos se adaptam as [&hellip;]<\/p>\n","protected":false},"author":2,"featured_media":0,"parent":0,"menu_order":0,"comment_status":"closed","ping_status":"closed","template":"","meta":{"iawp_total_views":5,"footnotes":""},"class_list":["post-12896","page","type-page","status-publish","hentry"],"_links":{"self":[{"href":"https:\/\/zvox.com.br\/site\/wp-json\/wp\/v2\/pages\/12896","targetHints":{"allow":["GET"]}}],"collection":[{"href":"https:\/\/zvox.com.br\/site\/wp-json\/wp\/v2\/pages"}],"about":[{"href":"https:\/\/zvox.com.br\/site\/wp-json\/wp\/v2\/types\/page"}],"author":[{"embeddable":true,"href":"https:\/\/zvox.com.br\/site\/wp-json\/wp\/v2\/users\/2"}],"replies":[{"embeddable":true,"href":"https:\/\/zvox.com.br\/site\/wp-json\/wp\/v2\/comments?post=12896"}],"version-history":[{"count":0,"href":"https:\/\/zvox.com.br\/site\/wp-json\/wp\/v2\/pages\/12896\/revisions"}],"wp:attachment":[{"href":"https:\/\/zvox.com.br\/site\/wp-json\/wp\/v2\/media?parent=12896"}],"curies":[{"name":"wp","href":"https:\/\/api.w.org\/{rel}","templated":true}]}}